{"id":11451,"date":"2022-06-03T17:20:21","date_gmt":"2022-06-03T15:20:21","guid":{"rendered":"https:\/\/iatt.it\/archivioiatt\/?page_id=11451"},"modified":"2022-06-21T15:43:26","modified_gmt":"2022-06-21T13:43:26","slug":"area-espositiva-interna","status":"publish","type":"page","link":"https:\/\/iatt.it\/archivioiatt\/area-espositiva-interna\/","title":{"rendered":"Area espositiva interna"},"content":{"rendered":"<p>L&#8217;Italia\u00a0 NO DIG LIVE si articoler\u00e0 in un&#8217;<strong>area<\/strong> <strong>indoor e in una outdoor<\/strong>.<\/p>\n<p>L&#8217;area indoor \u00e8 costituita dal <strong>Padiglione C di circa 7.500 mq<\/strong> che ospiter\u00e0:<\/p>\n<p>&#8211; la parte espositiva<\/p>\n<p>&#8211; tre sale convegni, nelle quali si terranno seminari specialistici, convegni istituzionali e industry session<\/p>\n<p>-la <em><strong>PIAZZA NO DIG<\/strong><\/em> ovvero un&#8217; area in cui si terranno la cerimonia di apertura e di chiusura, trasformandosi poi in un&#8217; agor\u00e0 ovvero in un punto di incontro dove sar\u00e0 possibile ritrovarsi per confrontarsi, discutere e mettere a fattor comune le proprie esperienze.<\/p>\n<p>Per vedere la planimetria interna <a href=\"https:\/\/iatt.it\/archivioiatt\/wp-content\/uploads\/2022\/06\/Planimetria_interna_verde.pdf\">clicca qui<\/a><\/p>\n<p>Per vedere le tariffe dell&#8217;area espositiva interna <a href=\"https:\/\/iatt.it\/archivioiatt\/wp-content\/uploads\/2022\/06\/Tariffa-Area_interna.pdf\">clicca qui<\/a><\/p>\n\n\t\t<style type=\"text\/css\">\n\t\t\t#gallery-1 {\n\t\t\t\tmargin: auto;\n\t\t\t}\n\t\t\t#gallery-1 .gallery-item {\n\t\t\t\tfloat: left;\n\t\t\t\tmargin-top: 10px;\n\t\t\t\ttext-align: center;\n\t\t\t\twidth: 33%;\n\t\t\t}\n\t\t\t#gallery-1 img {\n\t\t\t\tborder: 2px solid #cfcfcf;\n\t\t\t}\n\t\t\t#gallery-1 .gallery-caption {\n\t\t\t\tmargin-left: 0;\n\t\t\t}\n\t\t\t\/* see gallery_shortcode() in wp-includes\/media.php *\/\n\t\t<\/style>\n\t\t<div id='gallery-1' class='gallery galleryid-11451 gallery-columns-3 gallery-size-thumbnail'><dl class='gallery-item'>\n\t\t\t<dt class='gallery-icon landscape'>\n\t\t\t\t<a href='https:\/\/iatt.it\/archivioiatt\/area-espositiva-interna\/novegro-parco-esposizioni\/'><img width=\"150\" height=\"150\" src=\"https:\/\/iatt.it\/archivioiatt\/wp-content\/uploads\/2022\/06\/NOVEGRO-Parco-Esposizioni-150x150.webp\" class=\"attachment-thumbnail size-thumbnail no-lazy\" alt=\"\" loading=\"lazy\" srcset=\"https:\/\/iatt.it\/archivioiatt\/wp-content\/uploads\/2022\/06\/NOVEGRO-Parco-Esposizioni-150x150.webp 150w, https:\/\/iatt.it\/archivioiatt\/wp-content\/uploads\/2022\/06\/NOVEGRO-Parco-Esposizioni-45x45.webp 45w\" sizes=\"(max-width: 150px) 100vw, 150px\" \/><\/a>\n\t\t\t<\/dt><\/dl><dl class='gallery-item'>\n\t\t\t<dt class='gallery-icon landscape'>\n\t\t\t\t<a href='https:\/\/iatt.it\/archivioiatt\/area-espositiva-interna\/hobby_model_expo_milano\/'><img width=\"150\" height=\"150\" src=\"https:\/\/iatt.it\/archivioiatt\/wp-content\/uploads\/2022\/06\/Hobby_Model_expo_Milano-150x150.jpg\" class=\"attachment-thumbnail size-thumbnail no-lazy\" alt=\"\" loading=\"lazy\" srcset=\"https:\/\/iatt.it\/archivioiatt\/wp-content\/uploads\/2022\/06\/Hobby_Model_expo_Milano-150x150.jpg 150w, https:\/\/iatt.it\/archivioiatt\/wp-content\/uploads\/2022\/06\/Hobby_Model_expo_Milano-45x45.jpg 45w\" sizes=\"(max-width: 150px) 100vw, 150px\" \/><\/a>\n\t\t\t<\/dt><\/dl><dl class='gallery-item'>\n\t\t\t<dt class='gallery-icon landscape'>\n\t\t\t\t<a href='https:\/\/iatt.it\/archivioiatt\/area-espositiva-interna\/index-2\/'><img width=\"150\" height=\"150\" src=\"https:\/\/iatt.it\/archivioiatt\/wp-content\/uploads\/2022\/06\/index-1-150x150.jpg\" class=\"attachment-thumbnail size-thumbnail no-lazy\" alt=\"\" loading=\"lazy\" srcset=\"https:\/\/iatt.it\/archivioiatt\/wp-content\/uploads\/2022\/06\/index-1-150x150.jpg 150w, https:\/\/iatt.it\/archivioiatt\/wp-content\/uploads\/2022\/06\/index-1-45x45.jpg 45w\" sizes=\"(max-width: 150px) 100vw, 150px\" \/><\/a>\n\t\t\t<\/dt><\/dl><br style=\"clear: both\" \/>\n\t\t<\/div>\n\n\n\n<p><\/p>\n","protected":false},"excerpt":{"rendered":"<p>L&#8217;Italia\u00a0 NO DIG LIVE si articoler\u00e0 in un&#8217;area indoor e in una outdoor. L&#8217;area indoor \u00e8 costituita dal Padiglione C di circa 7.500 mq che ospiter\u00e0: &#8211; la parte espositiva &#8211; tre sale convegni, nelle quali si terranno seminari specialistici, convegni istituzionali e industry session -la PIAZZA NO DIG ovvero un&#8217; area in cui si [&hellip;]<\/p>\n","protected":false},"author":2,"featured_media":0,"parent":0,"menu_order":0,"comment_status":"closed","ping_status":"closed","template":"","meta":{"spay_email":""},"_links":{"self":[{"href":"https:\/\/iatt.it\/archivioiatt\/wp-json\/wp\/v2\/pages\/11451"}],"collection":[{"href":"https:\/\/iatt.it\/archivioiatt\/wp-json\/wp\/v2\/pages"}],"about":[{"href":"https:\/\/iatt.it\/archivioiatt\/wp-json\/wp\/v2\/types\/page"}],"author":[{"embeddable":true,"href":"https:\/\/iatt.it\/archivioiatt\/wp-json\/wp\/v2\/users\/2"}],"replies":[{"embeddable":true,"href":"https:\/\/iatt.it\/archivioiatt\/wp-json\/wp\/v2\/comments?post=11451"}],"version-history":[{"count":9,"href":"https:\/\/iatt.it\/archivioiatt\/wp-json\/wp\/v2\/pages\/11451\/revisions"}],"predecessor-version":[{"id":11616,"href":"https:\/\/iatt.it\/archivioiatt\/wp-json\/wp\/v2\/pages\/11451\/revisions\/11616"}],"wp:attachment":[{"href":"https:\/\/iatt.it\/archivioiatt\/wp-json\/wp\/v2\/media?parent=11451"}],"curies":[{"name":"wp","href":"https:\/\/api.w.org\/{rel}","templated":true}]}}