{"id":4518,"date":"2017-07-25T11:51:16","date_gmt":"2017-07-25T09:51:16","guid":{"rendered":"http:\/\/iatt.it\/archivioiatt\/?page_id=4518"},"modified":"2024-01-18T13:11:35","modified_gmt":"2024-01-18T12:11:35","slug":"formazione-2","status":"publish","type":"page","link":"https:\/\/iatt.it\/archivioiatt\/formazione-2\/","title":{"rendered":"Formazione professionale qualificante"},"content":{"rendered":"Per trasformare l\u2019Italia in una nazione moderna in cui i valori ambientali, integrati con i valori dell\u2019innovazione tecnologica, rappresentino parte integrante dello sviluppo, occorre dotarsi di specifiche professionalit\u00e0. Nel settore dei &#8220;servizi a rete&#8221;, si deve oggi concorrere per dare risposte concrete alla crescente richiesta di accessibilit\u00e0 ai servizi e di qualit\u00e0, nel rispetto della vita e dell\u2019ambiente. Le tecnologie no dig rappresentano, infatti, in maniera sempre pi\u00f9 evidente, un forte strumento a disposizione degli Operatori dei servizi, per sviluppare e manutenere in maniera veloce e competitiva, le proprie reti tecnologiche, nonch\u00e9 un efficace strumento di <em>governance<\/em> per gli Enti che gestiscono il territorio. Sulla base di quanto sopra, IATT ha sviluppato un piano formativo altamente articolato, che prevede la creazione di figure professionali specifiche, anche attraverso la riqualificazione delle risorse, per il rilancio dell&#8217;economia e dell&#8217;imprenditorialit\u00e0 italiane.\n<h2><strong>SEMINARI SPECIALISTICI E WORKSHOP\n<\/strong><\/h2>\nSono rivolti principalmente al personale tecnico, ai progettisti, manager, di aziende private, multi-utilities e pubblica amministrazione, oltre che agli appartenenti agli Ordini Professionali. Sono condotti sia in Italia che all&#8217;estero e possono essere realizzati anche in collaborazione con altre strutture pertinenti quali centri di formazione, universit\u00e0, ecc &#8230; Possono essere erogati a distanza oppure organizzati di presenza prevedendo anche delle prove in campo.\nGli incontri formativi ricevono solitamente il riconoscimento dei CFP (crediti formativi professionali) da parte degli Ordini degli Ingegneri e dei Geologi.\n\n\n<h2><strong>CORSI RILASCIO PATENTINI\n<\/strong><\/h2>\n<strong>IATT <\/strong>e <strong>FORMEDIL <\/strong>(per il tramite delle scuole edili territoriali) hanno rinnovato l\u2019accordo per la promozione di un&#8217;offerta di formazione rispondente alle esigenze dettate dal processo innovativo che ha investito il comparto degli operatori nel settore del no-dig e che punta a una qualificazione degli addetti. Pertanto, per rispondere ad una domanda reale delle aziende specializzate nelle tecnologie \u201ca basso impatto ambientale\u201d in materia di qualificazione e aggiornamento professionale delle risorse umane, che operano nello specifico contesto, sono stati definiti percorsi formativi per il rilascio di <strong>\u201cpatentini\u201d <\/strong>agli operatori di macchine nelle seguenti tecnologie:\n\n \n<ul>\n \t<li><strong>Trivellazione orizzontale controllata &#8211; TOC<\/strong><\/li>\n \t<li><strong>Microtunneling<\/strong><\/li>\n \t<li><strong>Risanamento mediante sistemi CIPP<\/strong><\/li>\n<\/ul>\n \n\n<em>Ricordiamo che l\u2019obbligo in capo alle imprese del settore di avere personale in possesso di specifico patentino per operare su macchine complesse, \u00e8 sancito dall\u2019art. 37, commi 3 e 4 e dall\u2019art. 73 del Decreto legislativo 9 aprile 2008, n. 81 e successivi; pertanto chi non ottempera a tale obbligo non pu\u00f2 ottenere la necessaria qualificazione di categoria speciale richiesta.<\/em>\n\n \n<h2>Obiettivo della formazione<\/h2>\n \n\nI percorsi formativi hanno l\u2019obiettivo di accrescere l\u2019attenzione sulla sicurezza del lavoro, incrementare l\u2019impegno dell\u2019operatore sulla qualit\u00e0 del lavoro e nella manutenzione della macchina, fornire cognizioni per un corretto utilizzo della macchina evitando di arrecare danno a s\u00e9 stessi e ad altri, fornire competenze e chiarimenti sulle tecnologie e procedure esecutive.\n\n \n<h2>Percorsi formativi<\/h2>\n \n\n<strong><em><u>Corso con tutoraggio <\/u><\/em><\/strong>(rivolto al <strong>personale senza comprovata esperienza o inferiore a 36 mesi<\/strong>):\n\n \n\n<em>240 ore in azienda<\/em>: da svolgersi sulla macchina di cui si chiede l\u2019abilitazione, seguito da un Tutor nominato dall\u2019azienda che pu\u00f2 essere un lavoratore esperto interno all\u2019azienda oppure in distacco, o un lavoratore di altra azienda presso cui la risorsa da formare potr\u00e0 essere posta in distacco, e da uno esterno della Scuola edile.\n\n \n\nDurante questo periodo la risorsa da formare sar\u00e0 in possesso di un \u201c<strong><em>foglio rosa<\/em><\/strong>\u201d, valido sei mesi e prorogabile su richiesta, che gli consentir\u00e0 di guidare la macchina in affiancamento al tutor; verr\u00e0 inoltre formata anche su tematiche di carattere teorico. Terminata questa prima fase alla risorsa verr\u00e0 rilasciato <em>l\u2019attestato di formazione con tutoraggio <\/em>e potr\u00e0 accedere al corso successivo.\n\n \n\nQuesto corso viene attivato immediatamente su richiesta dell\u2019azienda.\n\n \n\n<strong><em><u>Corso per personale con esperienza &gt; 36 mesi<\/u><\/em><\/strong>\n\n \n\n<em>corso abilitante di 40 ore:<\/em> rivolto al personale con comprovata esperienza di conduzione delle macchine superiore a 36 mesi e\/o a coloro in possesso di attestato di formazione con tutoraggio.\nIl corso, la cui sede sar\u00e0 individuata di volta in volta dai soggetti formatori, prevede una sessione pratica a cura di IATT ed una sessione teorica ed esame finale a cura della scuola edile territoriale. Al superamento dell\u2019esame finale verr\u00e0 rilasciato il patentino.\nQuesto corso viene generalmente avviato al raggiungimento di una classe di 12 operatori, salvo casi eccezionali o su specifica richiesta dell\u2019azienda.\n____________________________________________________________________________________________________________________________\n\n\n<h5>Per ulteriori informazioni si prega contattare l\u2019Associazione (dott.ssa Letizia Rinaldini tel: 0639721997) mail: <u>iatt@iatt.info<\/u><\/h5>","protected":false},"excerpt":{"rendered":"<p>Per trasformare l\u2019Italia in una nazione moderna in cui i valori ambientali, integrati con i valori dell\u2019innovazione tecnologica, rappresentino parte integrante dello sviluppo, occorre dotarsi di specifiche professionalit\u00e0. Nel settore dei &#8220;servizi a rete&#8221;, si deve oggi concorrere per dare risposte concrete alla crescente richiesta di accessibilit\u00e0 ai servizi e di qualit\u00e0, nel rispetto della [&hellip;]<\/p>\n","protected":false},"author":2,"featured_media":0,"parent":0,"menu_order":0,"comment_status":"closed","ping_status":"closed","template":"","meta":{"spay_email":""},"_links":{"self":[{"href":"https:\/\/iatt.it\/archivioiatt\/wp-json\/wp\/v2\/pages\/4518"}],"collection":[{"href":"https:\/\/iatt.it\/archivioiatt\/wp-json\/wp\/v2\/pages"}],"about":[{"href":"https:\/\/iatt.it\/archivioiatt\/wp-json\/wp\/v2\/types\/page"}],"author":[{"embeddable":true,"href":"https:\/\/iatt.it\/archivioiatt\/wp-json\/wp\/v2\/users\/2"}],"replies":[{"embeddable":true,"href":"https:\/\/iatt.it\/archivioiatt\/wp-json\/wp\/v2\/comments?post=4518"}],"version-history":[{"count":4,"href":"https:\/\/iatt.it\/archivioiatt\/wp-json\/wp\/v2\/pages\/4518\/revisions"}],"predecessor-version":[{"id":12469,"href":"https:\/\/iatt.it\/archivioiatt\/wp-json\/wp\/v2\/pages\/4518\/revisions\/12469"}],"wp:attachment":[{"href":"https:\/\/iatt.it\/archivioiatt\/wp-json\/wp\/v2\/media?parent=4518"}],"curies":[{"name":"wp","href":"https:\/\/api.w.org\/{rel}","templated":true}]}}