{"id":99,"date":"2011-03-04T09:47:11","date_gmt":"2011-03-04T08:47:11","guid":{"rendered":"http:\/\/iatt.it\/archivioiatt\/2011\/03\/04\/perforazioni-orizzontali-guidate\/"},"modified":"2017-11-22T12:19:06","modified_gmt":"2017-11-22T11:19:06","slug":"perforazioni-orizzontali-guidate","status":"publish","type":"page","link":"https:\/\/iatt.it\/archivioiatt\/tecnologie-no-dig\/perforazioni-orizzontali-guidate\/","title":{"rendered":"Perforazioni Orizzontali Guidate"},"content":{"rendered":"<p style=\"text-align: center;\"><b><span style=\"color: #000000;\">TRIVELLAZIONE ORIZZONTALE GUIDATA <\/span>(Horizontal Directional Drilli<\/b><b>ng)<\/b><\/p>\n<p>E\u2019 una tecnologia che consente la posa lungo un profilo trivellato di tubazioni in polietilene, in acciaio o in ghisa sferoidale. Le tubazioni installabili hanno diametri compresi tra 40 mm e 1600 mm e vengono utilizzate per numerosi sottoservizi (acqua, energia, telecomunicazioni etc).<\/p>\n<p>Il profilo di trivellazione, accuratamente prescelto in fase progettuale, viene seguito grazie a sistemi di guida estremamente precisi, solitamente magnetici, tali da consentire di evitare ostacoli naturali e\/o artificiali e di raggiungere un obiettivo prestabilito, operando da una postazione prossima al punto di ingresso nel terreno della perforazione<\/p>\n<p>Le <strong>fasi di lavorazione <\/strong>sono sostanzialmente tre:<\/p>\n<ul>\n<li>nel corso della prima fase, viene realizzato un foro pilota mediante l\u2019introduzione nel punto di ingresso di una colonna di aste, con un utensile di perforazione posto in testa; tali aste sono guidate alla quota e nella direzione voluta;<\/li>\n<li>successivamente, raggiunto il punto di uscita, sulla testa di perforazione viene montato un opportuno alesatore che permette di allargare il diametro del foro fino a raggiungere le dimensioni utili alla posa dei tubi previsti;<\/li>\n<li>infine, viene tirata nel foro la colonna della tubazione presaldata, completando il lavoro.<\/li>\n<\/ul>\n<p>La perforazione viene solitamente favorita dall\u2019uso di fanghi bentonitici, non sono necessari scavi a cielo aperto lungo l\u2019asse di trivellazione e, al termine delle operazioni, l\u2019area di lavoro viene restituita allo status quo ante, mediante il ripristino dei punti di ingresso e di uscita.<\/p>\n<p>In caso di posa di piccole condotte, la fase di alesatura del foro pu\u00f2 essere evitata, riducendo quindi, oltre i tempi di lavorazione, anche le dimensioni delle macchine impiegate e, quindi, l\u2019area di cantiere.<\/p>\n<p>Le TOC sono particolarmente adatte per il superamento di ostacoli, quali fiumi, canali, strade di grande comunicazione, aree pubbliche, aree archeologiche etc e trovano impiego anche nel consolidamento di versanti franosi e nel risanamento e contenimento di siti inquinati.<\/p>\n<p>L\u2019 impiego di questa tecnologia pu\u00f2 essere problematico in caso di presenza di ghiaie sciolte, per cui \u00e8 necessario uno studio preliminare dei terreni da attraversare.<\/p>\n<p>La progettazione di una TOC implica quindi l\u2019esecuzione di indagini preliminari allo scopo di ricostruire la situazione stratigrafica lungo il profilo di trivellazione e, soprattutto in ambito urbano, per individuare la presenza di eventuali sottoservizi gi\u00e0 esistenti<\/p>\n<p>&nbsp;<\/p>\n<ul>\n<li style=\"text-align: justify;\"><span style=\"color: #000000;\">\u00a0SCUDO DIREZIONALE APERTO<\/span><\/li>\n<\/ul>\n<p>La macchina di perforazione nella tecnica &#8220;Scudo Direzionale Aperto&#8221; \u00e8 costituita da una testa articolata, incernierata su tre oppure quattro cilindri oleodinamici che ne consentono la direzionabilit\u00e0, e dal corpo principale che contiene la maggior parte degli equipaggiamenti di scavo e raccolta dello smarino nonch\u00e9 la consolle di controllo e pilotaggio. Il corpo principale pu\u00f2 essere dotato di cilindri di spinta autonoma. Nel primo caso la perforazione avviene per escavazione del terreno tramite una benna montata su braccio idraulico che convoglia il materiale su un nastro trasportatore e quindi in vagoncini da miniera. Nel secondo caso il terreno lapideo viene demolito da una fresa puntuale e successivamente allontanato da un sistema di smarino idraulico. Nello &#8220;Scudo direzionale aperto&#8221; il fronte di scavo non \u00e8 sostenuto artificialmente con una pressione di bilanciamento. Nel caso di perforazioni in terreni sciolti o debolmente coesivi il fronte di scavo viene fatto franare all\u2019interno della camera anteriore dello scudo e lo smarino si dispone all\u2019interno della camera anteriore secondo il naturale angolo di riposo.<\/p>\n<p>&nbsp;<\/p>\n<ul>\n<li><span style=\"color: #000000;\">\u00a0SCUDO DIREZIONALE CHIUSO<\/span><\/li>\n<\/ul>\n<p>Lo scudo direzionale chiuso \u00e8 caratterizzato dall\u2019avere al fronte di scavo, sulla testa articolata, un disco rotante, con aperture regolabili per consentire l\u2019ingresso del terreno nella camera di raccolta, anche questa contenuta nella testa articolata. Il disco rotante \u00e8 dotato di utensili di scavo atti a disgregare e raccogliere\/convogliare il terreno verso la camera di raccolta. Si distinguono tre tipi di teste fresanti: per terreni sciolti, per terreni misti e da roccia. Queste ultime hanno anche un frantoio interno alla camera di raccolta per ridurre le rocce incamerate a dimensioni tali da poterle trasportare con un sistema di smarino idraulico.Il sostentamento del fronte \u00e8 di tipo meccanico oppure a bilanciamento della pressione del terreno EPB.<\/p>\n<p>&nbsp;<\/p>\n<ul>\n<li><span style=\"color: #000000;\"><b>MICROTUNNELING<\/b><\/span><strong><br \/>\n<\/strong><\/li>\n<\/ul>\n<p>Il Microtunnelling \u00e8 una metodologia di perforazione per mezzo della quale, con una macchina per scavo di gallerie senza operatore sul fronte di scavo, vengono posate in opera tubazioni a spinta, tra due pozzi, con un controllo da remoto eseguito attraverso una centrale di comando posta in superficie. Il sistema \u00e8 costituito da una testa fresante che disgrega il terreno e che attraverso il proprio movimento di rotazione lo indirizza verso la linea di smarino. La testa \u00e8 munita di adeguati utensili di scavo, diversi a seconda dei terreni da affrontare. La testa fresante \u00e8 inoltre dotata di uno snodo orientabile che, attraverso opportuni pistoni idraulici azionati da remoto, consente di \u201cguidare\u201d la testa durante la perforazione. Per il Microtunnelling si utilizzano macchine a smarino idraulico (slurry machines), dotate di un frantoio di forma conica, grazie al quale il materiale di scavo viene frantumato e convogliato in una camera posta alle spalle della testa fresante (camera di smarino), dalla quale viene pompato sotto forma di fluido (slurry) nell\u2019impianto di separazione posto in superficie. Pi\u00f9 raramente si utilizzano macchine a smarino meccanico. Questo sistema consente di realizzare installazioni di condotte con un intervallo dei diametri di perforazione compreso tra 350mm e 3600mm.<\/p>\n<p>&nbsp;<\/p>\n<ul>\n<li><strong><span style=\"color: #000000;\">TBM (Tunnel Boring Machine)<\/span><br \/>\n<\/strong><\/li>\n<\/ul>\n<p>La Tecnologia TBM \u00e8 assai simile a quella del Microtunnel e consente di realizzare tunnel di grandi dimensioni, di notevole lunghezza e in qualsiasi tipo di terreno, con l\u2019uso di frese rotanti, seguite o meno da rivestimenti o rinforzi del tunnel.<br \/>\nLa gamma di impiego varia da un minimo di 2,5 m di diametro ad oltre 12 m, quindi si passa dai tunnel per la posa di tubazioni di trasporto a grandi tunnel autostradali.<br \/>\nLa macchina TBM \u00e8 costituita da: Testa fresante, Unit\u00e0 di Guida, Cilindri di spinta, Motori Elettrici, Nastri trasportatori per lo smarino, Elevatori per Conci\/Rivestimenti. La Cabina di Guida \u00e8 prossima al fronte di scavo, all\u2019interno del tunnel, il controllo direzionale avviene tramite puntamento laser.<\/p>\n<p>&nbsp;<\/p>\n<ul>\n<li><span style=\"color: #000000;\">ROD PUSHER<\/span><strong><br \/>\n<\/strong><\/li>\n<\/ul>\n<p>Questa tecnologia \u00e8 caratterizzata da un particolare tipo di trivellazione orizzontale guidata, realizzata esclusivamente a secco, con macchinari di piccole dimensioni e per la posa di tubazioni del diametro di 50 \/160\u00a0mm.<br \/>\nPoich\u00e9 necessita di dimensioni ridotte dell\u2019area di cantiere, risulta particolarmente conveniente in ambito urbano e qualora sia possibile utilizzare, come punto di partenza, una cameretta esistente.<\/p>\n<p>&nbsp;<\/p>\n<ul>\n<li>\u00a0<span style=\"color: #000000;\">PILOT SYSTEM<\/span><\/li>\n<\/ul>\n<p>La tecnologia Pilot System \u00e8 un sistema di perforazione a spinta controllata a mezzo laser e tolleranza garantita attraverso cui si realizzano condotte sotterranee in terreni sciolti di diversa consistenza privi di roccia e trovanti dimensioni tali che impediscano il passaggio delle aste pilota.<\/p>\n<p>Prevalentemente questa tecnologia \u00e8 utilizzata in assenza di falda, tuttavia esistono accorgimenti tecnologici che in taluni casi consentono di realizzare i lavori anche in presenza d\u2019acqua nel terreno. La tecnica prevede la realizzazione di un preforo eseguito mediante l&#8217;infissione di &#8220;aste pilota&#8221; e il successivo alesaggio del foro realizzato fino al raggiungimento del diametro necessario. Questa tecnologia consente di realizzare tratti di tubazione con diametro variabile tra DN 200mm e DN 1000mm, in diversi materiali.<\/p>\n<p>&nbsp;<\/p>\n<ul>\n<li>\u00a0<span style=\"color: #000000;\">DIRECT PIPE<\/span><\/li>\n<\/ul>\n<p>Il Direct Pipe \u00e8 un sistema di posa di tubazioni che combina le caratteristiche delle tecnologie Microtunnelling (MT) e Horizontal Directional Drilling (HDD). Con questo metodo la\u00a0 tubazione viene posata in un\u2019unica fase, senza l\u2019impiego di tubazioni camicia aggiuntive e senza richiedere grossi volumi di fango per il sostegno provvisorio, sfruttando il sistema di scavo e smaltimento dello smarino del sistema Microtunnelling. Ci\u00f2 grazie all\u2019utilizzo di una speciale unit\u00e0 di spinta in opera della tubazione (Pipe Thruster, PT ). A differenza del Microtunnelling dove la forza di spinta viene applicata al singolo elemento di tubo. nel pozzo di partenza, nel Direct Pipe la forza di spinta viene applicata attraverso il Pipe Thurster\u00a0 direttamente sulla tubazione precedentemente assemblata e posizionata sulla via di scorrimento, per tutta la lunghezza completa da installare o in singole stringhe da comporre progressivamente, in modo simile all\u2019HDD. Il Thruster viene ancorato ad una struttura di idonee caratteristiche di resistenza e trasferisce la sua spinta mediante &#8220;clampe&#8221; (ammorsamento circonferenziale), per attrito, senza danneggiare il tubo.<\/p>\n","protected":false},"excerpt":{"rendered":"<p>TRIVELLAZIONE ORIZZONTALE GUIDATA (Horizontal Directional Drilling) E\u2019 una tecnologia che consente la posa lungo un profilo trivellato di tubazioni in polietilene, in acciaio o in ghisa sferoidale. Le tubazioni installabili hanno diametri compresi tra 40 mm e 1600 mm e vengono utilizzate per numerosi sottoservizi (acqua, energia, telecomunicazioni etc). Il profilo di trivellazione, accuratamente prescelto [&hellip;]<\/p>\n","protected":false},"author":1,"featured_media":0,"parent":1838,"menu_order":648,"comment_status":"open","ping_status":"open","template":"","meta":{"spay_email":""},"_links":{"self":[{"href":"https:\/\/iatt.it\/archivioiatt\/wp-json\/wp\/v2\/pages\/99"}],"collection":[{"href":"https:\/\/iatt.it\/archivioiatt\/wp-json\/wp\/v2\/pages"}],"about":[{"href":"https:\/\/iatt.it\/archivioiatt\/wp-json\/wp\/v2\/types\/page"}],"author":[{"embeddable":true,"href":"https:\/\/iatt.it\/archivioiatt\/wp-json\/wp\/v2\/users\/1"}],"replies":[{"embeddable":true,"href":"https:\/\/iatt.it\/archivioiatt\/wp-json\/wp\/v2\/comments?post=99"}],"version-history":[{"count":0,"href":"https:\/\/iatt.it\/archivioiatt\/wp-json\/wp\/v2\/pages\/99\/revisions"}],"up":[{"embeddable":true,"href":"https:\/\/iatt.it\/archivioiatt\/wp-json\/wp\/v2\/pages\/1838"}],"wp:attachment":[{"href":"https:\/\/iatt.it\/archivioiatt\/wp-json\/wp\/v2\/media?parent=99"}],"curies":[{"name":"wp","href":"https:\/\/api.w.org\/{rel}","templated":true}]}}